{"id":4336,"date":"2016-12-05T10:12:13","date_gmt":"2016-12-05T10:12:13","guid":{"rendered":"http:\/\/gotravel.mikado-themes.com\/?page_id=4336"},"modified":"2026-02-12T20:27:12","modified_gmt":"2026-02-12T20:27:12","slug":"tours-list","status":"publish","type":"page","link":"https:\/\/www.rutasecoturisticas.com\/index.php\/elements\/tours-list\/","title":{"rendered":"Tours List"},"content":{"rendered":"<p>[vc_row css=\u00bb.vc_custom_1480932923943{padding-top: 14px !important;padding-bottom: 26px !important;}\u00bb][vc_column]<div class=\"mkdf-tours-list-holder \">\n\t\t\t\t\t\t<div class=\"mkdf-tours-list-pagination-data\">\n\t\t\t\t<input type=\"hidden\" name=\"number\" value=\"6\">\n\t\t\t\t<input type=\"hidden\" name=\"order_by\" value=\"date\">\n\t\t\t\t<input type=\"hidden\" name=\"order\" value=\"ASC\">\n\t\t\t\t<input type=\"hidden\" name=\"tour_category\" value=\"\">\n\t\t\t\t<input type=\"hidden\" name=\"destination\" value=\"\">\n\t\t\t\t<input type=\"hidden\" name=\"thumb_size\" value=\"full\">\n\t\t\t\t<input type=\"hidden\" name=\"next_page\" value=\"2\">\n\t\t\t\t<input type=\"hidden\" name=\"tour_type\" value=\"gallery\">\n\t\t\t\t<input type=\"hidden\" name=\"image_size\" value=\"full\">\n\t\t\t\t<input type=\"hidden\" name=\"text_length\" value=\"8\">\n\t\t\t<\/div>\n\t\t\n\t\t\t\t\t<div class=\"mkdf-tours-list-filter-holder clearfix\">\n\t\t\t\t<ul>\n\t\t\t\t\t<li class=\"mkdf-tour-list-current-filter mkdf-tour-list-filter-item\">\n\t\t\t\t\t\t<a href=\"#\">Todos<\/a>\n\t\t\t\t\t<\/li>\n\t\t\t\t\t\t\t\t\t\t\t<li class=\"mkdf-tour-list-filter-item\" data-type=\"tour-category-africa\">\n\t\t\t\t\t\t\t<a href=\"#\">\n\t\t\t\t\t\t\t\tAfrica\t\t\t\t\t\t\t<\/a>\n\t\t\t\t\t\t<\/li>\n\t\t\t\t\t\t\t\t\t\t\t<li class=\"mkdf-tour-list-filter-item\" data-type=\"tour-category-asia\">\n\t\t\t\t\t\t\t<a href=\"#\">\n\t\t\t\t\t\t\t\tAsia\t\t\t\t\t\t\t<\/a>\n\t\t\t\t\t\t<\/li>\n\t\t\t\t\t\t\t\t\t\t\t<li class=\"mkdf-tour-list-filter-item\" data-type=\"tour-category-canada\">\n\t\t\t\t\t\t\t<a href=\"#\">\n\t\t\t\t\t\t\t\tCanada\t\t\t\t\t\t\t<\/a>\n\t\t\t\t\t\t<\/li>\n\t\t\t\t\t\t\t\t\t\t\t<li class=\"mkdf-tour-list-filter-item\" data-type=\"tour-category-caribe\">\n\t\t\t\t\t\t\t<a href=\"#\">\n\t\t\t\t\t\t\t\tCaribe\t\t\t\t\t\t\t<\/a>\n\t\t\t\t\t\t<\/li>\n\t\t\t\t\t\t\t\t\t\t\t<li class=\"mkdf-tour-list-filter-item\" data-type=\"tour-category-centro_america\">\n\t\t\t\t\t\t\t<a href=\"#\">\n\t\t\t\t\t\t\t\tCentro America\t\t\t\t\t\t\t<\/a>\n\t\t\t\t\t\t<\/li>\n\t\t\t\t\t\t\t\t\t\t\t<li class=\"mkdf-tour-list-filter-item\" data-type=\"tour-category-colombia\">\n\t\t\t\t\t\t\t<a href=\"#\">\n\t\t\t\t\t\t\t\tcolombia\t\t\t\t\t\t\t<\/a>\n\t\t\t\t\t\t<\/li>\n\t\t\t\t\t\t\t\t\t\t\t<li class=\"mkdf-tour-list-filter-item\" data-type=\"tour-category-cruceros\">\n\t\t\t\t\t\t\t<a href=\"#\">\n\t\t\t\t\t\t\t\tCruceros\t\t\t\t\t\t\t<\/a>\n\t\t\t\t\t\t<\/li>\n\t\t\t\t\t\t\t\t\t\t\t<li class=\"mkdf-tour-list-filter-item\" data-type=\"tour-category-estados_unidos\">\n\t\t\t\t\t\t\t<a href=\"#\">\n\t\t\t\t\t\t\t\tEstados Unidos\t\t\t\t\t\t\t<\/a>\n\t\t\t\t\t\t<\/li>\n\t\t\t\t\t\t\t\t\t\t\t<li class=\"mkdf-tour-list-filter-item\" data-type=\"tour-category-europa\">\n\t\t\t\t\t\t\t<a href=\"#\">\n\t\t\t\t\t\t\t\tEuropa\t\t\t\t\t\t\t<\/a>\n\t\t\t\t\t\t<\/li>\n\t\t\t\t\t\t\t\t\t\t\t<li class=\"mkdf-tour-list-filter-item\" data-type=\"tour-category-exotic\">\n\t\t\t\t\t\t\t<a href=\"#\">\n\t\t\t\t\t\t\t\tExotico\t\t\t\t\t\t\t<\/a>\n\t\t\t\t\t\t<\/li>\n\t\t\t\t\t\t\t\t\t\t\t<li class=\"mkdf-tour-list-filter-item\" data-type=\"tour-category-medio_oriente\">\n\t\t\t\t\t\t\t<a href=\"#\">\n\t\t\t\t\t\t\t\tMedio Oriente\t\t\t\t\t\t\t<\/a>\n\t\t\t\t\t\t<\/li>\n\t\t\t\t\t\t\t\t\t\t\t<li class=\"mkdf-tour-list-filter-item\" data-type=\"tour-category-sightseeing\">\n\t\t\t\t\t\t\t<a href=\"#\">\n\t\t\t\t\t\t\t\tPasear\t\t\t\t\t\t\t<\/a>\n\t\t\t\t\t\t<\/li>\n\t\t\t\t\t\t\t\t\t\t\t<li class=\"mkdf-tour-list-filter-item\" data-type=\"tour-category-on-budget\">\n\t\t\t\t\t\t\t<a href=\"#\">\n\t\t\t\t\t\t\t\tPromocion\t\t\t\t\t\t\t<\/a>\n\t\t\t\t\t\t<\/li>\n\t\t\t\t\t\t\t\t\t\t\t<li class=\"mkdf-tour-list-filter-item\" data-type=\"tour-category-promociones\">\n\t\t\t\t\t\t\t<a href=\"#\">\n\t\t\t\t\t\t\t\tPromociones\t\t\t\t\t\t\t<\/a>\n\t\t\t\t\t\t<\/li>\n\t\t\t\t\t\t\t\t\t\t\t<li class=\"mkdf-tour-list-filter-item\" data-type=\"tour-category-romantic\">\n\t\t\t\t\t\t\t<a href=\"#\">\n\t\t\t\t\t\t\t\tRomantico\t\t\t\t\t\t\t<\/a>\n\t\t\t\t\t\t<\/li>\n\t\t\t\t\t\t\t\t\t\t\t<li class=\"mkdf-tour-list-filter-item\" data-type=\"tour-category-vacation\">\n\t\t\t\t\t\t\t<a href=\"#\">\n\t\t\t\t\t\t\t\tVacaciones\t\t\t\t\t\t\t<\/a>\n\t\t\t\t\t\t<\/li>\n\t\t\t\t\t\t\t\t\t<\/ul>\n\t\t\t<\/div>\n\t\t\n\t\t<div class=\"mkdf-tours-list-holder-inner mkdf-three-items mkdf-tour-item-has-border\">\n\n\t\t\t\t\n\t<div class=\"mkdf-tour-list-item-inner post-3595 tour-item type-tour-item status-publish has-post-thumbnail hentry tour-category-on-budget tour-category-vacation\">\n\t\t<div class=\"mkdf-tours-gallery-item mkdf-tour-item-no-rating post-3595 tour-item type-tour-item status-publish has-post-thumbnail hentry tour-category-on-budget tour-category-vacation\">\n\t\t\t<div class=\"mkdf-tours-gallery-item-image-holder\">\n\t\t\t\t\t\t\t<span class=\"mkdf-tours-gallery-item-label-holder\">\n\t\t\t\t\t\n\t\t<span class=\"mkdf-tour-item-label\">\n\t\t\t<span class=\"mkdf-tour-item-label-inner\">\n\t\t\t\tprueba\t\t\t<\/span>\n\t\t<\/span>\n\n\t\t\t\t\t\t<\/span>\n\t\t\t\t\t\t\n\t\t\t<div class=\"mkdf-tours-gallery-item-image\">\n\t\t\t\t<img loading=\"lazy\" decoding=\"async\" width=\"1126\" height=\"870\" src=\"https:\/\/www.rutasecoturisticas.com\/wp-content\/uploads\/2016\/11\/tour-list-image.jpg\" class=\"attachment-full size-full wp-post-image\" alt=\"a\" srcset=\"https:\/\/www.rutasecoturisticas.com\/wp-content\/uploads\/2016\/11\/tour-list-image.jpg 1126w, https:\/\/www.rutasecoturisticas.com\/wp-content\/uploads\/2016\/11\/tour-list-image-600x464.jpg 600w, https:\/\/www.rutasecoturisticas.com\/wp-content\/uploads\/2016\/11\/tour-list-image-300x232.jpg 300w, https:\/\/www.rutasecoturisticas.com\/wp-content\/uploads\/2016\/11\/tour-list-image-1024x791.jpg 1024w, https:\/\/www.rutasecoturisticas.com\/wp-content\/uploads\/2016\/11\/tour-list-image-768x593.jpg 768w\" sizes=\"auto, (max-width: 1126px) 100vw, 1126px\" \/>\t\t\t\t\n\t\t\t\t<div class=\"mkdf-tours-gallery-item-content-holder\">\n\t\t\t\t\t<div class=\"mkdf-tours-gallery-item-content-inner\">\n\t\t\t\t\t\t<div class=\"mkdf-tours-gallery-title-holder\">\n\t\t\t\t\t\t\t<h4 class=\"mkdf-tour-title\" >Romantic Italy<\/h4>\n\t\t\t\t\t\t\t<span class=\"mkdf-tours-gallery-item-price-holder\">\n\t\t\t\t\t\t\t\n\t\t<span class=\"mkdf-tours-price-holder\">\n\t\t\t\t\t\t\t<span class=\"mkdf-tours-item-price\">$850<\/span>\n\t\t\t\t\t\t\t\t<\/span>\n\n\t\t\t\t\t\t\t\t<\/span>\n\t\t\t\t\t\t<\/div>\n\t\t\t\t\t\t\t\t\t\t\t\t\t<div class=\"mkdf-tours-gallery-item-excerpt\">\n\t\t\t\t\t\t\t\t<div class=\"mkdf-tours-gallery-item-excerpt-inner\">\n\t\t\t\t\t\t\t\t\tLorem ipsum dolor sit amet, consectetur adipiscing elit.&hellip;\t\t\t\t\t\t\t\t<\/div>\n\t\t\t\t\t\t\t<\/div>\n\t\t\t\t\t\t\t\t\t\t\t<\/div>\n\t\t\t\t<\/div>\n\t\t\t<\/div>\n\t\t\t<a class=\"mkdf-tours-gallery-item-link\" href=\"https:\/\/www.rutasecoturisticas.com\/index.php\/tour-item\/romantic-italy\/\"><\/a>\n\t\t<\/div>\n\t<\/div>\t<\/div>\n\t\n\t<div class=\"mkdf-tour-list-item-inner post-6000 tour-item type-tour-item status-publish has-post-thumbnail hentry tour-category-romantic tour-category-vacation\">\n\t\t<div class=\"mkdf-tours-gallery-item mkdf-tour-item-no-rating post-6000 tour-item type-tour-item status-publish has-post-thumbnail hentry tour-category-romantic tour-category-vacation\">\n\t\t\t<div class=\"mkdf-tours-gallery-item-image-holder\">\n\t\t\t\t\t\t\t<span class=\"mkdf-tours-gallery-item-label-holder\">\n\t\t\t\t\t\n\t\t<span class=\"mkdf-tour-item-label\">\n\t\t\t<span class=\"mkdf-tour-item-label-inner\">\n\t\t\t\t\t\t\t<\/span>\n\t\t<\/span>\n\n\t\t\t\t\t\t<\/span>\n\t\t\t\t\t\t\n\t\t\t<div class=\"mkdf-tours-gallery-item-image\">\n\t\t\t\t<img loading=\"lazy\" decoding=\"async\" width=\"844\" height=\"474\" src=\"https:\/\/www.rutasecoturisticas.com\/wp-content\/uploads\/2026\/02\/MTC_-_28640_TRKIYE_Y_ROMA.jpg\" class=\"attachment-full size-full wp-post-image\" alt=\"\" srcset=\"https:\/\/www.rutasecoturisticas.com\/wp-content\/uploads\/2026\/02\/MTC_-_28640_TRKIYE_Y_ROMA.jpg 844w, https:\/\/www.rutasecoturisticas.com\/wp-content\/uploads\/2026\/02\/MTC_-_28640_TRKIYE_Y_ROMA-300x168.jpg 300w, https:\/\/www.rutasecoturisticas.com\/wp-content\/uploads\/2026\/02\/MTC_-_28640_TRKIYE_Y_ROMA-768x431.jpg 768w, https:\/\/www.rutasecoturisticas.com\/wp-content\/uploads\/2026\/02\/MTC_-_28640_TRKIYE_Y_ROMA-600x337.jpg 600w\" sizes=\"auto, (max-width: 844px) 100vw, 844px\" \/>\t\t\t\t\n\t\t\t\t<div class=\"mkdf-tours-gallery-item-content-holder\">\n\t\t\t\t\t<div class=\"mkdf-tours-gallery-item-content-inner\">\n\t\t\t\t\t\t<div class=\"mkdf-tours-gallery-title-holder\">\n\t\t\t\t\t\t\t<h4 class=\"mkdf-tour-title\" >T\u00dcRKIYE Y ROMA<\/h4>\n\t\t\t\t\t\t\t<span class=\"mkdf-tours-gallery-item-price-holder\">\n\t\t\t\t\t\t\t\n\t\t<span class=\"mkdf-tours-price-holder\">\n\t\t\t\t\t\t\t<span class=\"mkdf-tours-item-price\">$2<\/span>\n\t\t\t\t\t\t\t\t<\/span>\n\n\t\t\t\t\t\t\t\t<\/span>\n\t\t\t\t\t\t<\/div>\n\t\t\t\t\t\t\t\t\t\t\t\t\t<div class=\"mkdf-tours-gallery-item-excerpt\">\n\t\t\t\t\t\t\t\t<div class=\"mkdf-tours-gallery-item-excerpt-inner\">\n\t\t\t\t\t\t\t\t\t[vc_row][vc_column][vc_column_text] 16 D\u00edas Descripci\u00f3n ITINERARIO D\u00cdA 01 BOGOTA&hellip;\t\t\t\t\t\t\t\t<\/div>\n\t\t\t\t\t\t\t<\/div>\n\t\t\t\t\t\t\t\t\t\t\t<\/div>\n\t\t\t\t<\/div>\n\t\t\t<\/div>\n\t\t\t<a class=\"mkdf-tours-gallery-item-link\" href=\"https:\/\/www.rutasecoturisticas.com\/index.php\/tour-item\/28640-t-rkiye-y-roma\/\"><\/a>\n\t\t<\/div>\n\t<\/div>\t<\/div>\n\t\n\t<div class=\"mkdf-tour-list-item-inner post-6001 tour-item type-tour-item status-publish has-post-thumbnail hentry tour-category-romantic tour-category-vacation\">\n\t\t<div class=\"mkdf-tours-gallery-item mkdf-tour-item-no-rating post-6001 tour-item type-tour-item status-publish has-post-thumbnail hentry tour-category-romantic tour-category-vacation\">\n\t\t\t<div class=\"mkdf-tours-gallery-item-image-holder\">\n\t\t\t\t\t\t\t<span class=\"mkdf-tours-gallery-item-label-holder\">\n\t\t\t\t\t\n\t\t<span class=\"mkdf-tour-item-label\">\n\t\t\t<span class=\"mkdf-tour-item-label-inner\">\n\t\t\t\t\t\t\t<\/span>\n\t\t<\/span>\n\n\t\t\t\t\t\t<\/span>\n\t\t\t\t\t\t\n\t\t\t<div class=\"mkdf-tours-gallery-item-image\">\n\t\t\t\t<img loading=\"lazy\" decoding=\"async\" width=\"844\" height=\"474\" src=\"https:\/\/www.rutasecoturisticas.com\/wp-content\/uploads\/2026\/02\/MTC_-_50766_GRAN_TRINGULO_CENTROAMERICANO_2026.jpg\" class=\"attachment-full size-full wp-post-image\" alt=\"\" srcset=\"https:\/\/www.rutasecoturisticas.com\/wp-content\/uploads\/2026\/02\/MTC_-_50766_GRAN_TRINGULO_CENTROAMERICANO_2026.jpg 844w, https:\/\/www.rutasecoturisticas.com\/wp-content\/uploads\/2026\/02\/MTC_-_50766_GRAN_TRINGULO_CENTROAMERICANO_2026-300x168.jpg 300w, https:\/\/www.rutasecoturisticas.com\/wp-content\/uploads\/2026\/02\/MTC_-_50766_GRAN_TRINGULO_CENTROAMERICANO_2026-768x431.jpg 768w, https:\/\/www.rutasecoturisticas.com\/wp-content\/uploads\/2026\/02\/MTC_-_50766_GRAN_TRINGULO_CENTROAMERICANO_2026-600x337.jpg 600w\" sizes=\"auto, (max-width: 844px) 100vw, 844px\" \/>\t\t\t\t\n\t\t\t\t<div class=\"mkdf-tours-gallery-item-content-holder\">\n\t\t\t\t\t<div class=\"mkdf-tours-gallery-item-content-inner\">\n\t\t\t\t\t\t<div class=\"mkdf-tours-gallery-title-holder\">\n\t\t\t\t\t\t\t<h4 class=\"mkdf-tour-title\" >GRAN TRI\u00c1NGULO CENTROAMERICANO 2026<\/h4>\n\t\t\t\t\t\t\t<span class=\"mkdf-tours-gallery-item-price-holder\">\n\t\t\t\t\t\t\t\n\t\t<span class=\"mkdf-tours-price-holder\">\n\t\t\t\t\t\t\t<span class=\"mkdf-tours-item-price\">$1999<\/span>\n\t\t\t\t\t\t\t\t<\/span>\n\n\t\t\t\t\t\t\t\t<\/span>\n\t\t\t\t\t\t<\/div>\n\t\t\t\t\t\t\t\t\t\t\t\t\t<div class=\"mkdf-tours-gallery-item-excerpt\">\n\t\t\t\t\t\t\t\t<div class=\"mkdf-tours-gallery-item-excerpt-inner\">\n\t\t\t\t\t\t\t\t\t[vc_row][vc_column][vc_column_text] 8 D\u00edas Descripci\u00f3n ITINERARIO D\u00cdA 01 S\u00c1BADO&hellip;\t\t\t\t\t\t\t\t<\/div>\n\t\t\t\t\t\t\t<\/div>\n\t\t\t\t\t\t\t\t\t\t\t<\/div>\n\t\t\t\t<\/div>\n\t\t\t<\/div>\n\t\t\t<a class=\"mkdf-tours-gallery-item-link\" href=\"https:\/\/www.rutasecoturisticas.com\/index.php\/tour-item\/50766-gran-tri-ngulo-centroamericano-2026\/\"><\/a>\n\t\t<\/div>\n\t<\/div>\t<\/div>\n\t\n\t<div class=\"mkdf-tour-list-item-inner post-6002 tour-item type-tour-item status-publish has-post-thumbnail hentry tour-category-romantic tour-category-vacation\">\n\t\t<div class=\"mkdf-tours-gallery-item mkdf-tour-item-no-rating post-6002 tour-item type-tour-item status-publish has-post-thumbnail hentry tour-category-romantic tour-category-vacation\">\n\t\t\t<div class=\"mkdf-tours-gallery-item-image-holder\">\n\t\t\t\t\t\t\t<span class=\"mkdf-tours-gallery-item-label-holder\">\n\t\t\t\t\t\n\t\t<span class=\"mkdf-tour-item-label\">\n\t\t\t<span class=\"mkdf-tour-item-label-inner\">\n\t\t\t\t\t\t\t<\/span>\n\t\t<\/span>\n\n\t\t\t\t\t\t<\/span>\n\t\t\t\t\t\t\n\t\t\t<div class=\"mkdf-tours-gallery-item-image\">\n\t\t\t\t<img loading=\"lazy\" decoding=\"async\" width=\"844\" height=\"474\" src=\"https:\/\/www.rutasecoturisticas.com\/wp-content\/uploads\/2026\/02\/MTC_-_31673_JAPN_EL_CAMINO_DEL_SAMURAI.jpg\" class=\"attachment-full size-full wp-post-image\" alt=\"\" srcset=\"https:\/\/www.rutasecoturisticas.com\/wp-content\/uploads\/2026\/02\/MTC_-_31673_JAPN_EL_CAMINO_DEL_SAMURAI.jpg 844w, https:\/\/www.rutasecoturisticas.com\/wp-content\/uploads\/2026\/02\/MTC_-_31673_JAPN_EL_CAMINO_DEL_SAMURAI-300x168.jpg 300w, https:\/\/www.rutasecoturisticas.com\/wp-content\/uploads\/2026\/02\/MTC_-_31673_JAPN_EL_CAMINO_DEL_SAMURAI-768x431.jpg 768w, https:\/\/www.rutasecoturisticas.com\/wp-content\/uploads\/2026\/02\/MTC_-_31673_JAPN_EL_CAMINO_DEL_SAMURAI-600x337.jpg 600w\" sizes=\"auto, (max-width: 844px) 100vw, 844px\" \/>\t\t\t\t\n\t\t\t\t<div class=\"mkdf-tours-gallery-item-content-holder\">\n\t\t\t\t\t<div class=\"mkdf-tours-gallery-item-content-inner\">\n\t\t\t\t\t\t<div class=\"mkdf-tours-gallery-title-holder\">\n\t\t\t\t\t\t\t<h4 class=\"mkdf-tour-title\" >JAP\u00d3N, EL CAMINO DEL SAMURAI<\/h4>\n\t\t\t\t\t\t\t<span class=\"mkdf-tours-gallery-item-price-holder\">\n\t\t\t\t\t\t\t\n\t\t<span class=\"mkdf-tours-price-holder\">\n\t\t\t\t\t\t\t<span class=\"mkdf-tours-item-price\">$3<\/span>\n\t\t\t\t\t\t\t\t<\/span>\n\n\t\t\t\t\t\t\t\t<\/span>\n\t\t\t\t\t\t<\/div>\n\t\t\t\t\t\t\t\t\t\t\t\t\t<div class=\"mkdf-tours-gallery-item-excerpt\">\n\t\t\t\t\t\t\t\t<div class=\"mkdf-tours-gallery-item-excerpt-inner\">\n\t\t\t\t\t\t\t\t\t[vc_row][vc_column][vc_column_text] 12 D\u00edas Descripci\u00f3n ITINERARIO D\u00cdA 01 BOGOT\u00c1&hellip;\t\t\t\t\t\t\t\t<\/div>\n\t\t\t\t\t\t\t<\/div>\n\t\t\t\t\t\t\t\t\t\t\t<\/div>\n\t\t\t\t<\/div>\n\t\t\t<\/div>\n\t\t\t<a class=\"mkdf-tours-gallery-item-link\" href=\"https:\/\/www.rutasecoturisticas.com\/index.php\/tour-item\/31673-jap-n-el-camino-del-samurai\/\"><\/a>\n\t\t<\/div>\n\t<\/div>\t<\/div>\n\t\n\t<div class=\"mkdf-tour-list-item-inner post-6003 tour-item type-tour-item status-publish has-post-thumbnail hentry tour-category-europa tour-category-romantic tour-category-vacation\">\n\t\t<div class=\"mkdf-tours-gallery-item mkdf-tour-item-no-rating post-6003 tour-item type-tour-item status-publish has-post-thumbnail hentry tour-category-europa tour-category-romantic tour-category-vacation\">\n\t\t\t<div class=\"mkdf-tours-gallery-item-image-holder\">\n\t\t\t\t\t\t\t<span class=\"mkdf-tours-gallery-item-label-holder\">\n\t\t\t\t\t\n\t\t<span class=\"mkdf-tour-item-label\">\n\t\t\t<span class=\"mkdf-tour-item-label-inner\">\n\t\t\t\t\t\t\t<\/span>\n\t\t<\/span>\n\n\t\t\t\t\t\t<\/span>\n\t\t\t\t\t\t\n\t\t\t<div class=\"mkdf-tours-gallery-item-image\">\n\t\t\t\t<img loading=\"lazy\" decoding=\"async\" width=\"844\" height=\"474\" src=\"https:\/\/www.rutasecoturisticas.com\/wp-content\/uploads\/2026\/02\/MTC_-_18576_VIVIENDO_EUROPA_con_IBERIA.jpg\" class=\"attachment-full size-full wp-post-image\" alt=\"\" srcset=\"https:\/\/www.rutasecoturisticas.com\/wp-content\/uploads\/2026\/02\/MTC_-_18576_VIVIENDO_EUROPA_con_IBERIA.jpg 844w, https:\/\/www.rutasecoturisticas.com\/wp-content\/uploads\/2026\/02\/MTC_-_18576_VIVIENDO_EUROPA_con_IBERIA-300x168.jpg 300w, https:\/\/www.rutasecoturisticas.com\/wp-content\/uploads\/2026\/02\/MTC_-_18576_VIVIENDO_EUROPA_con_IBERIA-768x431.jpg 768w, https:\/\/www.rutasecoturisticas.com\/wp-content\/uploads\/2026\/02\/MTC_-_18576_VIVIENDO_EUROPA_con_IBERIA-600x337.jpg 600w\" sizes=\"auto, (max-width: 844px) 100vw, 844px\" \/>\t\t\t\t\n\t\t\t\t<div class=\"mkdf-tours-gallery-item-content-holder\">\n\t\t\t\t\t<div class=\"mkdf-tours-gallery-item-content-inner\">\n\t\t\t\t\t\t<div class=\"mkdf-tours-gallery-title-holder\">\n\t\t\t\t\t\t\t<h4 class=\"mkdf-tour-title\" >VIVIENDO EUROPA con IBERIA<\/h4>\n\t\t\t\t\t\t\t<span class=\"mkdf-tours-gallery-item-price-holder\">\n\t\t\t\t\t\t\t\n\t\t<span class=\"mkdf-tours-price-holder\">\n\t\t\t\t\t\t\t<span class=\"mkdf-tours-item-price\">$3<\/span>\n\t\t\t\t\t\t\t\t<\/span>\n\n\t\t\t\t\t\t\t\t<\/span>\n\t\t\t\t\t\t<\/div>\n\t\t\t\t\t\t\t\t\t\t\t\t\t<div class=\"mkdf-tours-gallery-item-excerpt\">\n\t\t\t\t\t\t\t\t<div class=\"mkdf-tours-gallery-item-excerpt-inner\">\n\t\t\t\t\t\t\t\t\t[vc_row][vc_column][vc_column_text] 17 D\u00edas Descripci\u00f3n ITINERARIO D\u00cdA 01 BOGOT\u00c1&hellip;\t\t\t\t\t\t\t\t<\/div>\n\t\t\t\t\t\t\t<\/div>\n\t\t\t\t\t\t\t\t\t\t\t<\/div>\n\t\t\t\t<\/div>\n\t\t\t<\/div>\n\t\t\t<a class=\"mkdf-tours-gallery-item-link\" href=\"https:\/\/www.rutasecoturisticas.com\/index.php\/tour-item\/18576-viviendo-europa-con-iberia\/\"><\/a>\n\t\t<\/div>\n\t<\/div>\t<\/div>\n\t\n\t<div class=\"mkdf-tour-list-item-inner post-6004 tour-item type-tour-item status-publish has-post-thumbnail hentry tour-category-africa tour-category-europa tour-category-romantic tour-category-vacation\">\n\t\t<div class=\"mkdf-tours-gallery-item mkdf-tour-item-no-rating post-6004 tour-item type-tour-item status-publish has-post-thumbnail hentry tour-category-africa tour-category-europa tour-category-romantic tour-category-vacation\">\n\t\t\t<div class=\"mkdf-tours-gallery-item-image-holder\">\n\t\t\t\t\t\t\t<span class=\"mkdf-tours-gallery-item-label-holder\">\n\t\t\t\t\t\n\t\t<span class=\"mkdf-tour-item-label\">\n\t\t\t<span class=\"mkdf-tour-item-label-inner\">\n\t\t\t\t\t\t\t<\/span>\n\t\t<\/span>\n\n\t\t\t\t\t\t<\/span>\n\t\t\t\t\t\t\n\t\t\t<div class=\"mkdf-tours-gallery-item-image\">\n\t\t\t\t<img loading=\"lazy\" decoding=\"async\" width=\"844\" height=\"474\" src=\"https:\/\/www.rutasecoturisticas.com\/wp-content\/uploads\/2026\/02\/MTC_-_18581_ESPAA_Y_MARRUECOS_con_AVIANCA.jpg\" class=\"attachment-full size-full wp-post-image\" alt=\"\" srcset=\"https:\/\/www.rutasecoturisticas.com\/wp-content\/uploads\/2026\/02\/MTC_-_18581_ESPAA_Y_MARRUECOS_con_AVIANCA.jpg 844w, https:\/\/www.rutasecoturisticas.com\/wp-content\/uploads\/2026\/02\/MTC_-_18581_ESPAA_Y_MARRUECOS_con_AVIANCA-300x168.jpg 300w, https:\/\/www.rutasecoturisticas.com\/wp-content\/uploads\/2026\/02\/MTC_-_18581_ESPAA_Y_MARRUECOS_con_AVIANCA-768x431.jpg 768w, https:\/\/www.rutasecoturisticas.com\/wp-content\/uploads\/2026\/02\/MTC_-_18581_ESPAA_Y_MARRUECOS_con_AVIANCA-600x337.jpg 600w\" sizes=\"auto, (max-width: 844px) 100vw, 844px\" \/>\t\t\t\t\n\t\t\t\t<div class=\"mkdf-tours-gallery-item-content-holder\">\n\t\t\t\t\t<div class=\"mkdf-tours-gallery-item-content-inner\">\n\t\t\t\t\t\t<div class=\"mkdf-tours-gallery-title-holder\">\n\t\t\t\t\t\t\t<h4 class=\"mkdf-tour-title\" >ESPA\u00d1A Y MARRUECOS con AVIANCA<\/h4>\n\t\t\t\t\t\t\t<span class=\"mkdf-tours-gallery-item-price-holder\">\n\t\t\t\t\t\t\t\n\t\t<span class=\"mkdf-tours-price-holder\">\n\t\t\t\t\t\t\t<span class=\"mkdf-tours-item-price\">$2<\/span>\n\t\t\t\t\t\t\t\t<\/span>\n\n\t\t\t\t\t\t\t\t<\/span>\n\t\t\t\t\t\t<\/div>\n\t\t\t\t\t\t\t\t\t\t\t\t\t<div class=\"mkdf-tours-gallery-item-excerpt\">\n\t\t\t\t\t\t\t\t<div class=\"mkdf-tours-gallery-item-excerpt-inner\">\n\t\t\t\t\t\t\t\t\t[vc_row][vc_column][vc_column_text] 14 D\u00edas Descripci\u00f3n ITINERARIO D\u00cdA 01 BOGOTA&hellip;\t\t\t\t\t\t\t\t<\/div>\n\t\t\t\t\t\t\t<\/div>\n\t\t\t\t\t\t\t\t\t\t\t<\/div>\n\t\t\t\t<\/div>\n\t\t\t<\/div>\n\t\t\t<a class=\"mkdf-tours-gallery-item-link\" href=\"https:\/\/www.rutasecoturisticas.com\/index.php\/tour-item\/18581-espa-a-y-marruecos-con-avianca\/\"><\/a>\n\t\t<\/div>\n\t<\/div>\t<\/div>\n\n\t\t\t<div class=\"mkdf-tours-list-grid-sizer\"><\/div>\n\t\t<\/div>\n\n\t\t\t\t\t<div class=\"mkdf-tours-pagination-holder mkdf-tours-pagination-load-more\">\n\t\t\t\t\t\t\t\t\t<a href=\"#\" target=\"_self\"  class=\"mkdf-btn mkdf-btn-medium mkdf-btn-solid mkdf-tours-load-more-button mkdf-btn-hover-solid\"   data-loading-label=\"Loading...\">\n\t<span class=\"mkdf-btn-text\">Cargar Mas<\/span>\n\t\n\t<\/a>\t\t\t\t\t\t\t<\/div>\n\n\t\t\n\n\t\t<\/div>[\/vc_column][\/vc_row]<\/p>\n","protected":false},"excerpt":{"rendered":"<p>[vc_row css=\u00bb.vc_custom_1480932923943{padding-top: 14px !important;padding-bottom: 26px !important;}\u00bb][vc_column][\/vc_column][\/vc_row]<\/p>\n","protected":false},"author":1,"featured_media":0,"parent":1114,"menu_order":0,"comment_status":"closed","ping_status":"closed","template":"","meta":{"footnotes":""},"class_list":["post-4336","page","type-page","status-publish","hentry"],"jetpack_sharing_enabled":true,"_links":{"self":[{"href":"https:\/\/www.rutasecoturisticas.com\/index.php\/wp-json\/wp\/v2\/pages\/4336","targetHints":{"allow":["GET"]}}],"collection":[{"href":"https:\/\/www.rutasecoturisticas.com\/index.php\/wp-json\/wp\/v2\/pages"}],"about":[{"href":"https:\/\/www.rutasecoturisticas.com\/index.php\/wp-json\/wp\/v2\/types\/page"}],"author":[{"embeddable":true,"href":"https:\/\/www.rutasecoturisticas.com\/index.php\/wp-json\/wp\/v2\/users\/1"}],"replies":[{"embeddable":true,"href":"https:\/\/www.rutasecoturisticas.com\/index.php\/wp-json\/wp\/v2\/comments?post=4336"}],"version-history":[{"count":1,"href":"https:\/\/www.rutasecoturisticas.com\/index.php\/wp-json\/wp\/v2\/pages\/4336\/revisions"}],"predecessor-version":[{"id":6160,"href":"https:\/\/www.rutasecoturisticas.com\/index.php\/wp-json\/wp\/v2\/pages\/4336\/revisions\/6160"}],"up":[{"embeddable":true,"href":"https:\/\/www.rutasecoturisticas.com\/index.php\/wp-json\/wp\/v2\/pages\/1114"}],"wp:attachment":[{"href":"https:\/\/www.rutasecoturisticas.com\/index.php\/wp-json\/wp\/v2\/media?parent=4336"}],"curies":[{"name":"wp","href":"https:\/\/api.w.org\/{rel}","templated":true}]}}